{"id":1110,"date":"2021-06-30T23:31:44","date_gmt":"2021-07-01T03:31:44","guid":{"rendered":"https:\/\/www.coartre.cl\/nuevo\/?page_id=1110"},"modified":"2021-06-30T23:32:17","modified_gmt":"2021-07-01T03:32:17","slug":"tecnicas-de-expresion-oral-y-corporal-para-una-comunicacion-y-presentaciones-efectivas","status":"publish","type":"page","link":"https:\/\/www.coartre.cl\/nuevo\/tecnicas-de-expresion-oral-y-corporal-para-una-comunicacion-y-presentaciones-efectivas\/","title":{"rendered":"T\u00e9cnicas de Expresi\u00f3n oral y corporal para una comunicaci\u00f3n y presentaciones efectivas"},"content":{"rendered":"<div id='av_section_1'  class='avia-section main_color avia-section-default avia-no-border-styling  av-parallax-section av-section-color-overlay-active avia-bg-style-parallax  avia-builder-el-0  el_before_av_one_full  avia-builder-el-first   av-minimum-height av-minimum-height-50  container_wrap sidebar_right' style=' '  data-section-bg-repeat='no-repeat' data-av_minimum_height_pc='50'><div class='av-parallax' data-avia-parallax-ratio='0.3' ><div class='av-parallax-inner main_color  avia-full-stretch' style = 'background-repeat: no-repeat; background-image: url(https:\/\/www.coartre.cl\/nuevo\/wp-content\/uploads\/2021\/06\/Comunicacion-Efectiva_4_2-scaled.jpg);background-attachment: scroll; background-position: top center; ' ><\/div><\/div><div class='av-section-color-overlay-wrap'><div class='av-section-color-overlay' style='opacity: 0.5; background-color: #020202; '><\/div><div class='container' ><main  role=\"main\" itemprop=\"mainContentOfPage\"  class='template-page content  av-content-small alpha units'><div class='post-entry post-entry-type-page post-entry-1110'><div class='entry-content-wrapper clearfix'>\n<div  style='padding-bottom:10px; color:#ffffff;' class='av-special-heading av-special-heading-h2 custom-color-heading blockquote modern-quote modern-centered  avia-builder-el-1  avia-builder-el-no-sibling  '><h2 class='av-special-heading-tag '  itemprop=\"headline\"  >T\u00e9cnicas de Expresi\u00f3n oral y corporal para una comunicaci\u00f3n y presentaciones efectivas<\/h2><div class='special-heading-border'><div class='special-heading-inner-border' style='border-color:#ffffff'><\/div><\/div><\/div>\n<\/div><\/div><\/main><!-- close content main element --><\/div><\/div><\/div><div id='after_section_1'  class='main_color av_default_container_wrap container_wrap sidebar_right' style=' '  ><div class='container' ><div class='template-page content  av-content-small alpha units'><div class='post-entry post-entry-type-page post-entry-1110'><div class='entry-content-wrapper clearfix'><div class=\"flex_column av_one_full  flex_column_div av-zero-column-padding first  avia-builder-el-2  el_after_av_section  avia-builder-el-no-sibling  \" style='border-radius:0px; '><section class=\"av_textblock_section \"  itemscope=\"itemscope\" itemtype=\"https:\/\/schema.org\/CreativeWork\" ><div class='avia_textblock  '   itemprop=\"text\" ><p>En toda organizaci\u00f3n la comunicaci\u00f3n efectiva es de car\u00e1cter fundamental ya que si existen fallas puede alterar el resultado de cualquier operaci\u00f3n. Los desaf\u00edos que enfrentan las personas que se desenvuelven en contacto con otras, capacitando, ense\u00f1ando, representando, dirigiendo hacen indispensable adquirir las competencias que este curso entrega a trav\u00e9s de un trabajo te\u00f3rico-pr\u00e1ctico incluyendo ejercicios de respiraci\u00f3n, vocalizaci\u00f3n, comprensi\u00f3n de lectura y tecnolog\u00eda, lo que le permite al participante identificar sus debilidades y as\u00ed corregirlas con la supervisi\u00f3n de los profesionales que facilitan el curso. Incrementando, de este modo, la calidad de la comunicaci\u00f3n de los participantes.<\/p>\n<p dir=\"ltr\">A qui\u00e9n est\u00e1 dirigido: Ejecutivos altos y medios, administrativos capacitadores, vendedores, telefonistas, visitadores m\u00e9dicos, personas con atenci\u00f3n al p\u00fablico, negociadores, profesores, entre otros.<\/p>\n<p dir=\"ltr\"><strong>Metodolog\u00eda:<\/strong> El proceso de aprendizaje es te\u00f3rico pr\u00e1ctica. Cuenta con clase expositiva de contenidos fundamentada en el aprendizaje vivencial.<\/p>\n<p dir=\"ltr\"><strong>Modalidad:<\/strong> Presencial<\/p>\n<p dir=\"ltr\"><strong>Duraci\u00f3n:<\/strong> \u00a024 horas.<\/p>\n<p dir=\"ltr\"><strong>Requisitos de participantes:<\/strong> Hombres y Mujeres mayores de 18 a\u00f1os con manejo de lectoescritura b\u00e1sica.<\/p>\n<p dir=\"ltr\"><strong>OBJETIVO GENERAL<\/strong><\/p>\n<p dir=\"ltr\">Desarrollar las capacidades de comunicaci\u00f3n y expresi\u00f3n oral, obteniendo las destrezas para hacer uso de la palabra hablada como recurso comunicativo. Que el participante aprenda a proyectar destrezas comunicativas y persuasivas a trav\u00e9s de t\u00e9cnicas teatrales y alcanzar la actitud y convicci\u00f3n. Entrenando habilidades comunicacionales que permitan llegar a p\u00fablicos diversos con la oralidad, lenguaje, di\u00e1logo y expresi\u00f3n verbal y no verbal \u00f3ptimos para el desempe\u00f1o laboral.<\/p>\n<p><strong>OBJETIVO ESPEC\u00cdFICO<\/strong><\/p>\n<p>Tomar conciencia del cuerpo y sus posibilidades a trav\u00e9s de ejercicios de flexibilizaci\u00f3n corporal, respiraci\u00f3n y vocalizaci\u00f3n.<\/p>\n<p>Aplicar habilidades de comunicaci\u00f3n verbal utilizando la oratoria como instrumento para llegar de manera adecuada al receptor, proyectando la voz<\/p>\n<p>Adaptar el lenguaje corporal al tono y el contexto del discurso a trav\u00e9s de la representaci\u00f3n convincente, reconociendo distintos niveles y usos del lenguaje y su contexto de aplicaci\u00f3n<\/p>\n<\/div><\/section><\/div><\/p>\n","protected":false},"excerpt":{"rendered":"","protected":false},"author":1,"featured_media":0,"parent":0,"menu_order":0,"comment_status":"closed","ping_status":"closed","template":"","meta":{"bgseo_title":"","bgseo_description":"","bgseo_robots_index":"index","bgseo_robots_follow":"follow","_monsterinsights_skip_tracking":false,"_monsterinsights_sitenote_active":false,"_monsterinsights_sitenote_note":"","_monsterinsights_sitenote_category":0,"_uf_show_specific_survey":0,"_uf_disable_surveys":false,"footnotes":""},"class_list":["post-1110","page","type-page","status-publish","hentry"],"aioseo_notices":[],"_links":{"self":[{"href":"https:\/\/www.coartre.cl\/nuevo\/wp-json\/wp\/v2\/pages\/1110","targetHints":{"allow":["GET"]}}],"collection":[{"href":"https:\/\/www.coartre.cl\/nuevo\/wp-json\/wp\/v2\/pages"}],"about":[{"href":"https:\/\/www.coartre.cl\/nuevo\/wp-json\/wp\/v2\/types\/page"}],"author":[{"embeddable":true,"href":"https:\/\/www.coartre.cl\/nuevo\/wp-json\/wp\/v2\/users\/1"}],"replies":[{"embeddable":true,"href":"https:\/\/www.coartre.cl\/nuevo\/wp-json\/wp\/v2\/comments?post=1110"}],"version-history":[{"count":2,"href":"https:\/\/www.coartre.cl\/nuevo\/wp-json\/wp\/v2\/pages\/1110\/revisions"}],"predecessor-version":[{"id":1113,"href":"https:\/\/www.coartre.cl\/nuevo\/wp-json\/wp\/v2\/pages\/1110\/revisions\/1113"}],"wp:attachment":[{"href":"https:\/\/www.coartre.cl\/nuevo\/wp-json\/wp\/v2\/media?parent=1110"}],"curies":[{"name":"wp","href":"https:\/\/api.w.org\/{rel}","templated":true}]}}