{"id":1082,"date":"2021-06-30T23:06:20","date_gmt":"2021-07-01T03:06:20","guid":{"rendered":"https:\/\/www.coartre.cl\/nuevo\/?page_id=1082"},"modified":"2021-06-30T23:19:23","modified_gmt":"2021-07-01T03:19:23","slug":"1082-2","status":"publish","type":"page","link":"https:\/\/www.coartre.cl\/nuevo\/1082-2\/","title":{"rendered":"Curso Herramientas para la Prevenci\u00f3n de Drogodependencias en los Colegios"},"content":{"rendered":"<div id='av_section_1'  class='avia-section main_color avia-section-default avia-no-border-styling  av-parallax-section av-section-color-overlay-active avia-bg-style-parallax  avia-builder-el-0  el_before_av_one_full  avia-builder-el-first   av-minimum-height av-minimum-height-50  container_wrap sidebar_right' style=' '  data-section-bg-repeat='no-repeat' data-av_minimum_height_pc='50'><div class='av-parallax' data-avia-parallax-ratio='0.3' ><div class='av-parallax-inner main_color  avia-full-stretch' style = 'background-repeat: no-repeat; background-image: url(https:\/\/www.coartre.cl\/nuevo\/wp-content\/uploads\/2021\/06\/IMG_0042-scaled.jpg);background-attachment: scroll; background-position: top center; ' ><\/div><\/div><div class='av-section-color-overlay-wrap'><div class='av-section-color-overlay' style='opacity: 0.5; background-color: #020202; '><\/div><div class='container' ><main  role=\"main\" itemprop=\"mainContentOfPage\"  class='template-page content  av-content-small alpha units'><div class='post-entry post-entry-type-page post-entry-1082'><div class='entry-content-wrapper clearfix'>\n<div  style='padding-bottom:10px; color:#ffffff;' class='av-special-heading av-special-heading-h2 custom-color-heading blockquote modern-quote modern-centered  avia-builder-el-1  avia-builder-el-no-sibling  '><h2 class='av-special-heading-tag '  itemprop=\"headline\"  >Curso Herramientas para la Prevenci\u00f3n de Drogodependencias en los Colegios<\/h2><div class='special-heading-border'><div class='special-heading-inner-border' style='border-color:#ffffff'><\/div><\/div><\/div>\n<\/div><\/div><\/main><!-- close content main element --><\/div><\/div><\/div><div id='after_section_1'  class='main_color av_default_container_wrap container_wrap sidebar_right' style=' '  ><div class='container' ><div class='template-page content  av-content-small alpha units'><div class='post-entry post-entry-type-page post-entry-1082'><div class='entry-content-wrapper clearfix'>\n<div class=\"flex_column av_one_full  flex_column_div av-zero-column-padding first  avia-builder-el-2  el_after_av_section  avia-builder-el-no-sibling  \" style='border-radius:0px; '><section class=\"av_textblock_section \"  itemscope=\"itemscope\" itemtype=\"https:\/\/schema.org\/CreativeWork\" ><div class='avia_textblock  '   itemprop=\"text\" ><p>De acuerdo con el aumento del uso y abuso de drogas en los establecimientos educacionales se crea este curso con el fin de otorgar herramientas a quienes tengan contacto con los j\u00f3venes de los establecimientos para la prevenci\u00f3n del consumo, como tambi\u00e9n para establecer planes de acci\u00f3n una vez evidenciado el caso de consumo, teniendo en cuenta los recursos existentes.<\/p>\n<p dir=\"ltr\">A qui\u00e9n est\u00e1 dirigido: Docentes, Paradocentes, Administrativos, padres y Apoderados de Establecimientos Educacionales.<\/p>\n<p dir=\"ltr\">Metodolog\u00eda: El proceso de aprendizaje es te\u00f3rico pr\u00e1ctica. Cuenta con clase expositiva de contenidos fundamentada en el aprendizaje vivencial. Obra teatral motivacional para sensibilizar y as\u00ed desarrollar actividades que fomenten el aprendizaje grupal y las instancias de reflexi\u00f3n de cada participante del curso.<\/p>\n<p dir=\"ltr\"><strong>Modalidad:<\/strong> Presencial<\/p>\n<p dir=\"ltr\"><strong>Duraci\u00f3n:<\/strong> \u00a08 horas.<\/p>\n<p dir=\"ltr\">Requisitos de participantes: Hombres y Mujeres mayores de 18 a\u00f1os con manejo de lectoescritura b\u00e1sica.<\/p>\n<p dir=\"ltr\"><strong>OBJETIVO GENERAL<\/strong><\/p>\n<p dir=\"ltr\">Al finalizar el curso el participante estar\u00e1 en condici\u00f3n de: aplicar herramientas de prevenci\u00f3n en drogodependencias en establecimientos educacionales para intervenir positivamente y mejorar la convivencia escolar.<\/p>\n<p><strong>OBJETIVO ESPEC\u00cdFICO<\/strong><\/p>\n<p>Identificar distintas visiones sobre la prevenci\u00f3n de drogodependencia<\/p>\n<p>Aplicar herramientas te\u00f3rico-pr\u00e1cticas para implementar estrategias de prevenci\u00f3n de drogodependencias<\/p>\n<p>Dise\u00f1ar programas de prevenci\u00f3n de drogas en establecimientos educacionales<\/p>\n<\/div><\/section><\/div>\n","protected":false},"excerpt":{"rendered":"","protected":false},"author":1,"featured_media":0,"parent":0,"menu_order":0,"comment_status":"closed","ping_status":"closed","template":"","meta":{"bgseo_title":"","bgseo_description":"","bgseo_robots_index":"index","bgseo_robots_follow":"follow","_monsterinsights_skip_tracking":false,"_monsterinsights_sitenote_active":false,"_monsterinsights_sitenote_note":"","_monsterinsights_sitenote_category":0,"_uf_show_specific_survey":0,"_uf_disable_surveys":false,"footnotes":""},"class_list":["post-1082","page","type-page","status-publish","hentry"],"aioseo_notices":[],"_links":{"self":[{"href":"https:\/\/www.coartre.cl\/nuevo\/wp-json\/wp\/v2\/pages\/1082","targetHints":{"allow":["GET"]}}],"collection":[{"href":"https:\/\/www.coartre.cl\/nuevo\/wp-json\/wp\/v2\/pages"}],"about":[{"href":"https:\/\/www.coartre.cl\/nuevo\/wp-json\/wp\/v2\/types\/page"}],"author":[{"embeddable":true,"href":"https:\/\/www.coartre.cl\/nuevo\/wp-json\/wp\/v2\/users\/1"}],"replies":[{"embeddable":true,"href":"https:\/\/www.coartre.cl\/nuevo\/wp-json\/wp\/v2\/comments?post=1082"}],"version-history":[{"count":3,"href":"https:\/\/www.coartre.cl\/nuevo\/wp-json\/wp\/v2\/pages\/1082\/revisions"}],"predecessor-version":[{"id":1099,"href":"https:\/\/www.coartre.cl\/nuevo\/wp-json\/wp\/v2\/pages\/1082\/revisions\/1099"}],"wp:attachment":[{"href":"https:\/\/www.coartre.cl\/nuevo\/wp-json\/wp\/v2\/media?parent=1082"}],"curies":[{"name":"wp","href":"https:\/\/api.w.org\/{rel}","templated":true}]}}