{"id":1069,"date":"2021-06-30T22:52:19","date_gmt":"2021-07-01T02:52:19","guid":{"rendered":"https:\/\/www.coartre.cl\/nuevo\/?page_id=1069"},"modified":"2021-06-30T23:18:40","modified_gmt":"2021-07-01T03:18:40","slug":"1069-2","status":"publish","type":"page","link":"https:\/\/www.coartre.cl\/nuevo\/1069-2\/","title":{"rendered":"Curso herramientas para el abordaje de la violencia y prevenci\u00f3n del bullying escolar"},"content":{"rendered":"<div id='av_section_1'  class='avia-section main_color avia-section-default avia-no-border-styling  av-parallax-section av-section-color-overlay-active avia-bg-style-parallax  avia-builder-el-0  el_before_av_one_full  avia-builder-el-first   av-minimum-height av-minimum-height-50  container_wrap sidebar_right' style='background-color: #020202;  '  data-section-bg-repeat='no-repeat' data-av_minimum_height_pc='50'><div class='av-parallax' data-avia-parallax-ratio='0.3' ><div class='av-parallax-inner main_color  avia-full-stretch' style = 'background-color: #020202; background-repeat: no-repeat; background-image: url(https:\/\/www.coartre.cl\/nuevo\/wp-content\/uploads\/2021\/06\/IMG_8450-scaled.jpg);background-attachment: scroll; background-position: top center; ' ><\/div><\/div><div class='av-section-color-overlay-wrap'><div class='av-section-color-overlay' style='opacity: 0.5; background-color: #020202; '><\/div><div class='container' ><main  role=\"main\" itemprop=\"mainContentOfPage\"  class='template-page content  av-content-small alpha units'><div class='post-entry post-entry-type-page post-entry-1069'><div class='entry-content-wrapper clearfix'>\n<div  style='padding-bottom:10px; color:#ffffff;' class='av-special-heading av-special-heading-h2 custom-color-heading blockquote modern-quote modern-centered  avia-builder-el-1  avia-builder-el-no-sibling  '><h2 class='av-special-heading-tag '  itemprop=\"headline\"  >Curso Herramientas para el Abordaje de la Violencia y Prevenci\u00f3n del Bullying Escolar<\/h2><div class='special-heading-border'><div class='special-heading-inner-border' style='border-color:#ffffff'><\/div><\/div><\/div>\n<\/div><\/div><\/main><!-- close content main element --><\/div><\/div><\/div><div id='after_section_1'  class='main_color av_default_container_wrap container_wrap sidebar_right' style=' '  ><div class='container' ><div class='template-page content  av-content-small alpha units'><div class='post-entry post-entry-type-page post-entry-1069'><div class='entry-content-wrapper clearfix'>\n<div class=\"flex_column av_one_full  flex_column_div av-zero-column-padding first  avia-builder-el-2  el_after_av_section  avia-builder-el-no-sibling  \" style='border-radius:0px; '><section class=\"av_textblock_section \"  itemscope=\"itemscope\" itemtype=\"https:\/\/schema.org\/CreativeWork\" ><div class='avia_textblock  '   itemprop=\"text\" ><p dir=\"ltr\">A trav\u00e9s de este curso se intenta establecer un an\u00e1lisis y acercamiento al fen\u00f3meno de la violencia infanto-juvenil, ya que actualmente los profundos cambios sociales est\u00e1n poniendo de manifiesto la realidad sentida del problema.<\/p>\n<p dir=\"ltr\">Como educadores, profesionales y actores de la educaci\u00f3n es necesario que se dominen ampliamente los conocimientos y herramientas relacionadas con el problema de la violencia juvenil y as\u00ed se sepa actuar, estableciendo planes de mejora una vez valorada la situaci\u00f3n y teniendo en cuenta los recursos existentes.<\/p>\n<p dir=\"ltr\">A qui\u00e9n est\u00e1 dirigido: Docentes, Paradocentes, Administrativos, padres y Apoderados de Establecimientos Educacionales.<\/p>\n<p dir=\"ltr\">Metodolog\u00eda: El proceso de aprendizaje es te\u00f3rico pr\u00e1ctica. Cuenta con clase expositiva de contenidos fundamentada en el aprendizaje vivencial. Obra teatral motivacional para sensibilizar y as\u00ed desarrollar actividades que fomenten el aprendizaje grupal y las instancias de reflexi\u00f3n de cada participante del curso.<\/p>\n<p dir=\"ltr\"><strong>Modalidad:<\/strong> Presencial<\/p>\n<p dir=\"ltr\"><strong>Duraci\u00f3n:<\/strong> \u00a08 horas.<\/p>\n<p dir=\"ltr\"><strong>Requisitos de participantes:<\/strong> Hombres y Mujeres mayores de 18 a\u00f1os con manejo de lectoescritura b\u00e1sica.<\/p>\n<p dir=\"ltr\"><strong>OBJETIVO GENERAL<\/strong><\/p>\n<p dir=\"ltr\">Al finalizar el curso el participante podr\u00e1 identificar factores que inciden en conductas de violencia y podr\u00e1 proponer acciones que intervengan positivamente en el desarrollo de un clima de sana convivencia escolar.<\/p>\n<p><b>OBJETIVO ESPEC\u00cdFICO<\/b><\/p>\n<p>identificar y aplicar herramientas te\u00f3ricas y pr\u00e1cticas para facilitar la implementaci\u00f3n de estrategias de prevenci\u00f3n e intervenci\u00f3n en violencia escolar.<\/p>\n<\/div><\/section><\/div>\n","protected":false},"excerpt":{"rendered":"","protected":false},"author":1,"featured_media":0,"parent":0,"menu_order":0,"comment_status":"closed","ping_status":"closed","template":"","meta":{"bgseo_title":"","bgseo_description":"","bgseo_robots_index":"index","bgseo_robots_follow":"follow","_monsterinsights_skip_tracking":false,"_monsterinsights_sitenote_active":false,"_monsterinsights_sitenote_note":"","_monsterinsights_sitenote_category":0,"_uf_show_specific_survey":0,"_uf_disable_surveys":false,"footnotes":""},"class_list":["post-1069","page","type-page","status-publish","hentry"],"aioseo_notices":[],"_links":{"self":[{"href":"https:\/\/www.coartre.cl\/nuevo\/wp-json\/wp\/v2\/pages\/1069","targetHints":{"allow":["GET"]}}],"collection":[{"href":"https:\/\/www.coartre.cl\/nuevo\/wp-json\/wp\/v2\/pages"}],"about":[{"href":"https:\/\/www.coartre.cl\/nuevo\/wp-json\/wp\/v2\/types\/page"}],"author":[{"embeddable":true,"href":"https:\/\/www.coartre.cl\/nuevo\/wp-json\/wp\/v2\/users\/1"}],"replies":[{"embeddable":true,"href":"https:\/\/www.coartre.cl\/nuevo\/wp-json\/wp\/v2\/comments?post=1069"}],"version-history":[{"count":7,"href":"https:\/\/www.coartre.cl\/nuevo\/wp-json\/wp\/v2\/pages\/1069\/revisions"}],"predecessor-version":[{"id":1098,"href":"https:\/\/www.coartre.cl\/nuevo\/wp-json\/wp\/v2\/pages\/1069\/revisions\/1098"}],"wp:attachment":[{"href":"https:\/\/www.coartre.cl\/nuevo\/wp-json\/wp\/v2\/media?parent=1069"}],"curies":[{"name":"wp","href":"https:\/\/api.w.org\/{rel}","templated":true}]}}